{"id":1120,"date":"2025-05-14T13:15:51","date_gmt":"2025-05-14T11:15:51","guid":{"rendered":"https:\/\/dev.optienergiaros.com\/?page_id=1120"},"modified":"2025-05-14T13:15:51","modified_gmt":"2025-05-14T11:15:51","slug":"politica-de-cookies","status":"publish","type":"page","link":"https:\/\/optienergiaros.com\/ca\/politica-de-cookies\/","title":{"rendered":"Pol\u00edtica de cookies"},"content":{"rendered":"<h3 class=\"wp-block-heading\">\u00bfQu\u00e9 son las cookies?<\/h3>\n\n\n\n<p>Las cookies son peque\u00f1os archivos de texto que un sitio web instala en el navegador del usuario y que permiten almacenar y recuperar informaci\u00f3n sobre su navegaci\u00f3n. Su finalidad puede ser muy variada: reconocer al usuario, obtener informaci\u00f3n sobre sus h\u00e1bitos de navegaci\u00f3n, personalizar la forma en que se muestra el contenido o realizar an\u00e1lisis estad\u00edsticos.<\/p>\n\n\n\n<h3 class=\"wp-block-heading\">\u00bfQu\u00e9 tipos de cookies utiliza esta p\u00e1gina web?<\/h3>\n\n\n\n<p>El sitio web <strong><a class=\"\" href=\"https:\/\/optienergiaros.com\/ca\/\">www.optienergiaros.com<\/a><\/strong> utiliza las siguientes categor\u00edas de cookies:<\/p>\n\n\n\n<h4 class=\"wp-block-heading\">1. <strong>Cookies t\u00e9cnicas o necesarias<\/strong> (exentas de consentimiento):<\/h4>\n\n\n\n<p>Son aquellas que permiten al usuario la navegaci\u00f3n a trav\u00e9s del sitio web y la utilizaci\u00f3n de las diferentes opciones o servicios que en \u00e9l existen. Por ejemplo, controlar el tr\u00e1fico y la comunicaci\u00f3n de datos, identificar la sesi\u00f3n, acceder a partes de acceso restringido, o utilizar elementos de seguridad durante la navegaci\u00f3n.<\/p>\n\n\n\n<h4 class=\"wp-block-heading\">2. <strong>Cookies de an\u00e1lisis o medici\u00f3n<\/strong> (requieren consentimiento):<\/h4>\n\n\n\n<p>Nos permiten cuantificar el n\u00famero de usuarios y as\u00ed realizar la medici\u00f3n y an\u00e1lisis estad\u00edstico de la utilizaci\u00f3n que hacen los usuarios del servicio ofertado. Para ello se analiza su navegaci\u00f3n en nuestra p\u00e1gina web con el fin de mejorar la oferta de productos o servicios que ofrecemos.<br><em>Ejemplo: Google Analytics (si se usa, debe detallarse).<\/em><\/p>\n\n\n\n<h4 class=\"wp-block-heading\">3. <strong>Cookies de personalizaci\u00f3n<\/strong> (opcional):<\/h4>\n\n\n\n<p>Permiten recordar informaci\u00f3n para que el usuario acceda al servicio con ciertas caracter\u00edsticas que pueden diferenciar su experiencia, como el idioma, el tipo de navegador o la configuraci\u00f3n regional.<\/p>\n\n\n\n<blockquote class=\"wp-block-quote is-layout-flow wp-block-quote-is-layout-flow\">\n<p>En el momento de la primera visita, se informa al usuario mediante un <strong>banner de cookies<\/strong> que puede aceptar, rechazar o configurar las cookies no esenciales.<\/p>\n<\/blockquote>\n\n\n\n<h3 class=\"wp-block-heading\">\u00bfC\u00f3mo gestionar o desactivar las cookies?<\/h3>\n\n\n\n<p>El usuario puede configurar las cookies directamente desde el <strong>panel de configuraci\u00f3n<\/strong> accesible desde el banner de cookies o desde el bot\u00f3n \u00abConfiguraci\u00f3n de cookies\u00bb disponible en el sitio web.<\/p>\n\n\n\n<p>Tambi\u00e9n puede hacerlo a trav\u00e9s de la configuraci\u00f3n del navegador, donde es posible permitir, bloquear o eliminar las cookies instaladas:<\/p>\n\n\n\n<ul class=\"wp-block-list\">\n<li><strong>Google Chrome<\/strong>: <a>https:\/\/support.google.com\/chrome\/answer\/95647<\/a><\/li>\n\n\n\n<li><strong>Mozilla Firefox<\/strong>: <a class=\"\" href=\"https:\/\/support.mozilla.org\/es\/kb\/habilitar-y-deshabilitar-cookies-sitios-web\">https:\/\/support.mozilla.org\/es\/kb\/habilitar-y-deshabilitar-cookies-sitios-web<\/a><\/li>\n\n\n\n<li><strong>Safari<\/strong>: <a class=\"\" href=\"https:\/\/support.apple.com\/es-es\/guide\/safari\/sfri11471\/mac\">https:\/\/support.apple.com\/es-es\/guide\/safari\/sfri11471\/mac<\/a><\/li>\n\n\n\n<li><strong>Microsoft Edge<\/strong>: <a class=\"\" href=\"https:\/\/support.microsoft.com\/es-es\/microsoft-edge\/eliminar-cookies-en-microsoft-edge\">https:\/\/support.microsoft.com\/es-es\/microsoft-edge\/eliminar-cookies-en-microsoft-edge<\/a><\/li>\n<\/ul>\n\n\n\n<h3 class=\"wp-block-heading\">\u00bfQui\u00e9n utiliza la informaci\u00f3n de las cookies?<\/h3>\n\n\n\n<p>La informaci\u00f3n almacenada en las cookies es utilizada exclusivamente por <strong>OPTIENERGIA ROS S.L.<\/strong>, con la excepci\u00f3n de las cookies de terceros (como Google Analytics), que son utilizadas y gestionadas por entidades externas para prestar servicios solicitados por nosotros con fines anal\u00edticos.<\/p>\n\n\n\n<h3 class=\"wp-block-heading\">Actualizaci\u00f3n de la pol\u00edtica de cookies<\/h3>\n\n\n\n<p>Esta pol\u00edtica puede modificarse en funci\u00f3n de las exigencias legislativas o reglamentarias, o con la finalidad de adaptarla a las instrucciones dictadas por la Agencia Espa\u00f1ola de Protecci\u00f3n de Datos. Se recomienda al usuario revisarla peri\u00f3dicamente.<\/p>","protected":false},"excerpt":{"rendered":"<p>\u00bfQu\u00e9 son las cookies? Las cookies son peque\u00f1os archivos de texto que un sitio web instala en el navegador del usuario y que permiten almacenar y recuperar informaci\u00f3n sobre su navegaci\u00f3n. Su finalidad puede ser muy variada: reconocer al usuario, obtener informaci\u00f3n sobre sus h\u00e1bitos de navegaci\u00f3n, personalizar la forma en que se muestra el [&hellip;]<\/p>\n","protected":false},"author":2,"featured_media":0,"parent":0,"menu_order":0,"comment_status":"closed","ping_status":"closed","template":"","meta":{"_acf_changed":false,"footnotes":""},"class_list":["post-1120","page","type-page","status-publish","hentry"],"blocksy_meta":[],"acf":[],"yoast_head":"<!-- This site is optimized with the Yoast SEO plugin v27.5 - https:\/\/yoast.com\/product\/yoast-seo-wordpress\/ -->\n<title>Pol\u00edtica de cookies - OPTIENERGIA ROS | Ahorro energ\u00e9tico para empresas<\/title>\n<meta name=\"robots\" content=\"index, follow, max-snippet:-1, max-image-preview:large, max-video-preview:-1\" \/>\n<link rel=\"canonical\" href=\"https:\/\/optienergiaros.com\/ca\/politica-de-cookies\/\" \/>\n<meta property=\"og:locale\" content=\"ca_ES\" \/>\n<meta property=\"og:type\" content=\"article\" \/>\n<meta property=\"og:title\" content=\"Pol\u00edtica de cookies - OPTIENERGIA ROS | Ahorro energ\u00e9tico para empresas\" \/>\n<meta property=\"og:description\" content=\"\u00bfQu\u00e9 son las cookies? Las cookies son peque\u00f1os archivos de texto que un sitio web instala en el navegador del usuario y que permiten almacenar y recuperar informaci\u00f3n sobre su navegaci\u00f3n. Su finalidad puede ser muy variada: reconocer al usuario, obtener informaci\u00f3n sobre sus h\u00e1bitos de navegaci\u00f3n, personalizar la forma en que se muestra el [&hellip;]\" \/>\n<meta property=\"og:url\" content=\"https:\/\/optienergiaros.com\/ca\/politica-de-cookies\/\" \/>\n<meta property=\"og:site_name\" content=\"OPTIENERGIA ROS | Ahorro energ\u00e9tico para empresas\" \/>\n<meta property=\"article:publisher\" content=\"https:\/\/www.facebook.com\/optienergiaros\" \/>\n<meta name=\"twitter:card\" content=\"summary_large_image\" \/>\n<meta name=\"twitter:label1\" content=\"Temps estimat de lectura\" \/>\n\t<meta name=\"twitter:data1\" content=\"2 minuts\" \/>\n<script type=\"application\/ld+json\" class=\"yoast-schema-graph\">{\"@context\":\"https:\\\/\\\/schema.org\",\"@graph\":[{\"@type\":\"WebPage\",\"@id\":\"https:\\\/\\\/optienergiaros.com\\\/politica-de-cookies\\\/\",\"url\":\"https:\\\/\\\/optienergiaros.com\\\/politica-de-cookies\\\/\",\"name\":\"Pol\u00edtica de cookies - OPTIENERGIA ROS | Ahorro energ\u00e9tico para empresas\",\"isPartOf\":{\"@id\":\"https:\\\/\\\/optienergiaros.com\\\/#website\"},\"datePublished\":\"2025-05-14T11:15:51+00:00\",\"breadcrumb\":{\"@id\":\"https:\\\/\\\/optienergiaros.com\\\/politica-de-cookies\\\/#breadcrumb\"},\"inLanguage\":\"ca\",\"potentialAction\":[{\"@type\":\"ReadAction\",\"target\":[\"https:\\\/\\\/optienergiaros.com\\\/politica-de-cookies\\\/\"]}]},{\"@type\":\"BreadcrumbList\",\"@id\":\"https:\\\/\\\/optienergiaros.com\\\/politica-de-cookies\\\/#breadcrumb\",\"itemListElement\":[{\"@type\":\"ListItem\",\"position\":1,\"name\":\"Portada\",\"item\":\"https:\\\/\\\/optienergiaros.com\\\/\"},{\"@type\":\"ListItem\",\"position\":2,\"name\":\"Pol\u00edtica de cookies\"}]},{\"@type\":\"WebSite\",\"@id\":\"https:\\\/\\\/optienergiaros.com\\\/#website\",\"url\":\"https:\\\/\\\/optienergiaros.com\\\/\",\"name\":\"OPTIENERGIA ROS | Ahorro energ\u00e9tico para empresas\",\"description\":\"Optimizamos tu consumo, reducimos costes y gestionamos toda la contrataci\u00f3n para que ahorres sin preocupaciones.\",\"publisher\":{\"@id\":\"https:\\\/\\\/optienergiaros.com\\\/#organization\"},\"potentialAction\":[{\"@type\":\"SearchAction\",\"target\":{\"@type\":\"EntryPoint\",\"urlTemplate\":\"https:\\\/\\\/optienergiaros.com\\\/?s={search_term_string}\"},\"query-input\":{\"@type\":\"PropertyValueSpecification\",\"valueRequired\":true,\"valueName\":\"search_term_string\"}}],\"inLanguage\":\"ca\"},{\"@type\":\"Organization\",\"@id\":\"https:\\\/\\\/optienergiaros.com\\\/#organization\",\"name\":\"OPTIENERGIA ROS | Ahorro energ\u00e9tico para empresas\",\"url\":\"https:\\\/\\\/optienergiaros.com\\\/\",\"logo\":{\"@type\":\"ImageObject\",\"inLanguage\":\"ca\",\"@id\":\"https:\\\/\\\/optienergiaros.com\\\/#\\\/schema\\\/logo\\\/image\\\/\",\"url\":\"https:\\\/\\\/optienergiaros.com\\\/wp-content\\\/uploads\\\/optienergiaros-logo.svg\",\"contentUrl\":\"https:\\\/\\\/optienergiaros.com\\\/wp-content\\\/uploads\\\/optienergiaros-logo.svg\",\"width\":574,\"height\":34,\"caption\":\"OPTIENERGIA ROS | Ahorro energ\u00e9tico para empresas\"},\"image\":{\"@id\":\"https:\\\/\\\/optienergiaros.com\\\/#\\\/schema\\\/logo\\\/image\\\/\"},\"sameAs\":[\"https:\\\/\\\/www.facebook.com\\\/optienergiaros\",\"https:\\\/\\\/www.instagram.com\\\/optienergiaros\\\/\"]}]}<\/script>\n<!-- \/ Yoast SEO plugin. -->","yoast_head_json":{"title":"Pol\u00edtica de cookies - OPTIENERGIA ROS | Ahorro energ\u00e9tico para empresas","robots":{"index":"index","follow":"follow","max-snippet":"max-snippet:-1","max-image-preview":"max-image-preview:large","max-video-preview":"max-video-preview:-1"},"canonical":"https:\/\/optienergiaros.com\/ca\/politica-de-cookies\/","og_locale":"ca_ES","og_type":"article","og_title":"Pol\u00edtica de cookies - OPTIENERGIA ROS | Ahorro energ\u00e9tico para empresas","og_description":"\u00bfQu\u00e9 son las cookies? Las cookies son peque\u00f1os archivos de texto que un sitio web instala en el navegador del usuario y que permiten almacenar y recuperar informaci\u00f3n sobre su navegaci\u00f3n. Su finalidad puede ser muy variada: reconocer al usuario, obtener informaci\u00f3n sobre sus h\u00e1bitos de navegaci\u00f3n, personalizar la forma en que se muestra el [&hellip;]","og_url":"https:\/\/optienergiaros.com\/ca\/politica-de-cookies\/","og_site_name":"OPTIENERGIA ROS | Ahorro energ\u00e9tico para empresas","article_publisher":"https:\/\/www.facebook.com\/optienergiaros","twitter_card":"summary_large_image","twitter_misc":{"Temps estimat de lectura":"2 minuts"},"schema":{"@context":"https:\/\/schema.org","@graph":[{"@type":"WebPage","@id":"https:\/\/optienergiaros.com\/politica-de-cookies\/","url":"https:\/\/optienergiaros.com\/politica-de-cookies\/","name":"Pol\u00edtica de cookies - OPTIENERGIA ROS | Ahorro energ\u00e9tico para empresas","isPartOf":{"@id":"https:\/\/optienergiaros.com\/#website"},"datePublished":"2025-05-14T11:15:51+00:00","breadcrumb":{"@id":"https:\/\/optienergiaros.com\/politica-de-cookies\/#breadcrumb"},"inLanguage":"ca","potentialAction":[{"@type":"ReadAction","target":["https:\/\/optienergiaros.com\/politica-de-cookies\/"]}]},{"@type":"BreadcrumbList","@id":"https:\/\/optienergiaros.com\/politica-de-cookies\/#breadcrumb","itemListElement":[{"@type":"ListItem","position":1,"name":"Portada","item":"https:\/\/optienergiaros.com\/"},{"@type":"ListItem","position":2,"name":"Pol\u00edtica de cookies"}]},{"@type":"WebSite","@id":"https:\/\/optienergiaros.com\/#website","url":"https:\/\/optienergiaros.com\/","name":"OPTIENERGIA ROS | Ahorro energ\u00e9tico para empresas","description":"Optimizamos tu consumo, reducimos costes y gestionamos toda la contrataci\u00f3n para que ahorres sin preocupaciones.","publisher":{"@id":"https:\/\/optienergiaros.com\/#organization"},"potentialAction":[{"@type":"SearchAction","target":{"@type":"EntryPoint","urlTemplate":"https:\/\/optienergiaros.com\/?s={search_term_string}"},"query-input":{"@type":"PropertyValueSpecification","valueRequired":true,"valueName":"search_term_string"}}],"inLanguage":"ca"},{"@type":"Organization","@id":"https:\/\/optienergiaros.com\/#organization","name":"OPTIENERGIA ROS | Ahorro energ\u00e9tico para empresas","url":"https:\/\/optienergiaros.com\/","logo":{"@type":"ImageObject","inLanguage":"ca","@id":"https:\/\/optienergiaros.com\/#\/schema\/logo\/image\/","url":"https:\/\/optienergiaros.com\/wp-content\/uploads\/optienergiaros-logo.svg","contentUrl":"https:\/\/optienergiaros.com\/wp-content\/uploads\/optienergiaros-logo.svg","width":574,"height":34,"caption":"OPTIENERGIA ROS | Ahorro energ\u00e9tico para empresas"},"image":{"@id":"https:\/\/optienergiaros.com\/#\/schema\/logo\/image\/"},"sameAs":["https:\/\/www.facebook.com\/optienergiaros","https:\/\/www.instagram.com\/optienergiaros\/"]}]}},"_links":{"self":[{"href":"https:\/\/optienergiaros.com\/ca\/wp-json\/wp\/v2\/pages\/1120","targetHints":{"allow":["GET"]}}],"collection":[{"href":"https:\/\/optienergiaros.com\/ca\/wp-json\/wp\/v2\/pages"}],"about":[{"href":"https:\/\/optienergiaros.com\/ca\/wp-json\/wp\/v2\/types\/page"}],"author":[{"embeddable":true,"href":"https:\/\/optienergiaros.com\/ca\/wp-json\/wp\/v2\/users\/2"}],"replies":[{"embeddable":true,"href":"https:\/\/optienergiaros.com\/ca\/wp-json\/wp\/v2\/comments?post=1120"}],"version-history":[{"count":1,"href":"https:\/\/optienergiaros.com\/ca\/wp-json\/wp\/v2\/pages\/1120\/revisions"}],"predecessor-version":[{"id":1121,"href":"https:\/\/optienergiaros.com\/ca\/wp-json\/wp\/v2\/pages\/1120\/revisions\/1121"}],"wp:attachment":[{"href":"https:\/\/optienergiaros.com\/ca\/wp-json\/wp\/v2\/media?parent=1120"}],"curies":[{"name":"wp","href":"https:\/\/api.w.org\/{rel}","templated":true}]}}